{"id":2,"date":"2020-10-15T09:47:20","date_gmt":"2020-10-15T09:47:20","guid":{"rendered":"https:\/\/dev-estellon.ataraxie.fr\/?page_id=2"},"modified":"2020-11-04T10:47:45","modified_gmt":"2020-11-04T10:47:45","slug":"sample-page","status":"publish","type":"page","link":"https:\/\/www.belleraison.fr\/index.php\/sample-page\/","title":{"rendered":"Le besoin de laisser une empreinte"},"content":{"rendered":"<p><strong>Carcassonne Le mardi 3 novembre 2020<\/strong><\/p>\n<p>Le besoin de laisser une empreinte me conduit \u00e0 dire que\u00a0:<\/p>\n<p><a href=\"https:\/\/www.belleraison.fr\/wp-content\/uploads\/2020\/11\/photo-a-co\u0302te\u0301-du-texte.jpg\"><img decoding=\"async\" loading=\"lazy\" class=\"alignleft size-medium wp-image-55\" src=\"https:\/\/www.belleraison.fr\/wp-content\/uploads\/2020\/11\/photo-a-co\u0302te\u0301-du-texte-225x300.jpg\" alt=\"\" width=\"450\" height=\"600\" srcset=\"https:\/\/www.belleraison.fr\/wp-content\/uploads\/2020\/11\/photo-a-co\u0302te\u0301-du-texte-225x300.jpg 225w, https:\/\/www.belleraison.fr\/wp-content\/uploads\/2020\/11\/photo-a-co\u0302te\u0301-du-texte-768x1024.jpg 768w, https:\/\/www.belleraison.fr\/wp-content\/uploads\/2020\/11\/photo-a-co\u0302te\u0301-du-texte-1152x1536.jpg 1152w, https:\/\/www.belleraison.fr\/wp-content\/uploads\/2020\/11\/photo-a-co\u0302te\u0301-du-texte-1536x2048.jpg 1536w, https:\/\/www.belleraison.fr\/wp-content\/uploads\/2020\/11\/photo-a-co\u0302te\u0301-du-texte-1200x1600.jpg 1200w, https:\/\/www.belleraison.fr\/wp-content\/uploads\/2020\/11\/photo-a-co\u0302te\u0301-du-texte.jpg 1920w\" sizes=\"(max-width: 450px) 100vw, 450px\" \/><\/a>Je suis Jean-Pierre ESTELLON n\u00e9 le 24 ao\u00fbt 1938 \u00e0 Oran.<\/p>\n<p>2<sup>\u00e8me<\/sup> enfant d\u2019une fratrie de 4 enfants, je ne suis pas issu d\u2019une grande famille. Je n\u2019ai pas v\u00e9cu dans une ambiance de vieux meubles cir\u00e9s.<\/p>\n<p>Tr\u00e8s t\u00f4t, j\u2019ai \u00e9t\u00e9 passionn\u00e9 par le patrimoine et les vieilles pierres us\u00e9es par les si\u00e8cles. Si bien que l\u2019histoire, la petite et la grande, m\u2019a vite int\u00e9ress\u00e9. Et pour moi, d\u00e9j\u00e0 poss\u00e9der par exemple de vieilles monnaies royales, faisaient que je touchais mat\u00e9riellement parlant l\u2019histoire. Je consid\u00e9rais avoir entre les mains des messages historiques.<\/p>\n<p>Tant et si bien qu\u2019au tout d\u00e9but des ann\u00e9es 60, mon travail de releveur encaisseur (EDF) me permettait d\u2019entrer dans toutes les maisons et je d\u00e9couvrais dans les villages de tr\u00e8s beaux int\u00e9rieurs anciens qui me parlaient et qui correspondaient exactement \u00e0 ce que j\u2019aimais.<\/p>\n<p>\u00c7\u2019en \u00e9tait fini, j\u2019\u00e9tais d\u00e9finitivement fix\u00e9 sur mes go\u00fbts et je n\u2019ai jamais vari\u00e9, fid\u00e8le \u00e0 mon instinct.<\/p>\n<p>Dans mon d\u00e9lire et mon ambition, j\u2019envisageais l\u2019achat d\u2019une parcelle de terre avec l\u2019argent gagn\u00e9 pendant mes deux ans de guerre en Alg\u00e9rie alors que j\u2019\u00e9tais jeune mari\u00e9. Je finis par jeter mon d\u00e9volu sur une parcelle de 5000 m2 prot\u00e9g\u00e9e au nord par le ruisseau Saint-Est\u00e8ve.<\/p>\n<p>La providence \u00e0 voulu que celle-ci \u00e9tait en vente et j\u2019intervenais aupr\u00e8s du propri\u00e9taire le Comte Hubert d\u2019Esp\u00e9ronat qui lui, la d\u00e9tenait du propri\u00e9taire du ch\u00e2teau Monsieur Sire de Calmes.<\/p>\n<p>C\u2019\u00e9tait bien \u00e7a, j\u2019\u00e9tais dans mes r\u00eaves et rien ne m\u2019arr\u00eatait, il fallait que je le veuille, c\u2019\u00e9tait au tout d\u00e9but des ann\u00e9es 60, j\u2019\u00e9tais dans mon \u00e9l\u00e9ment.<\/p>\n<p><a href=\"https:\/\/www.belleraison.fr\/wp-content\/uploads\/2020\/11\/IMG_20200825_164344384-scaled.jpg\"><img decoding=\"async\" loading=\"lazy\" class=\"alignright wp-image-45 size-medium\" src=\"https:\/\/www.belleraison.fr\/wp-content\/uploads\/2020\/11\/IMG_20200825_164344384-scaled-e1604398885574-300x253.jpg\" alt=\"\" width=\"300\" height=\"253\" srcset=\"https:\/\/www.belleraison.fr\/wp-content\/uploads\/2020\/11\/IMG_20200825_164344384-scaled-e1604398885574-300x253.jpg 300w, https:\/\/www.belleraison.fr\/wp-content\/uploads\/2020\/11\/IMG_20200825_164344384-scaled-e1604398885574-1024x863.jpg 1024w, https:\/\/www.belleraison.fr\/wp-content\/uploads\/2020\/11\/IMG_20200825_164344384-scaled-e1604398885574-768x648.jpg 768w, https:\/\/www.belleraison.fr\/wp-content\/uploads\/2020\/11\/IMG_20200825_164344384-scaled-e1604398885574-1536x1295.jpg 1536w, https:\/\/www.belleraison.fr\/wp-content\/uploads\/2020\/11\/IMG_20200825_164344384-scaled-e1604398885574.jpg 1920w\" sizes=\"(max-width: 300px) 100vw, 300px\" \/><\/a>L\u2019acquisition de cette parcelle, point de d\u00e9part de mon ambition pour l\u2019\u00e9poque, fut aussi le d\u00e9but de beaucoup de soucis quant \u00e0 la r\u00e9alisation des plans, du choix des entrepreneurs, des devis, du financement de la maison. Nous \u00e9tions au d\u00e9but des ann\u00e9es 62\u2026. Et je n\u2019avais que 24 ans.<\/p>\n<p>Il fallait que j\u2019accomplisse quelque chose, c\u2019\u00e9tait mon d\u00e9sir et j\u2019\u00e9tais si bien accompagn\u00e9 par mon \u00e9pouse qui partageait mes go\u00fbts pour le patrimoine et les vieilles pierres. Elle-m\u00eame \u00e9tant n\u00e9e dans la cit\u00e9 de Carcassonne et ayant v\u00e9cue dans une magnifique maison m\u00e9di\u00e9vale tr\u00e8s proche du palais \u00e9piscopal, son terrain de jeux.<\/p>\n<p>Au fil du temps qui passait, je ne pouvais plus supporter le feu du neuf de ma maison. C\u2019est comme \u00e7a que nous nous mimes \u00e0 acheter de vieux meubles, vieux tableaux, statues, vitraux pour donner du poids \u00e0 notre demeure.<\/p>\n<p>Si je me suis accompli de cette fa\u00e7on, ce n\u2019est pas par souci d\u2019apparat puisque mon caract\u00e8re m\u2019a toujours pr\u00e9dispos\u00e9 \u00e0 la discr\u00e9tion.<\/p>\n<p>Merci ma destin\u00e9e.<\/p>\n<p>Fait le 18<sup>\u00e8me<\/sup> jour du mois d\u2019ao\u00fbt de l\u2019an de gr\u00e2ce 2020.<\/p>\n<p class=\"p1\"><em><span class=\"s1\">Mes remerciements \u00e0 Ya\u00efza et \u00e0 Beno\u00eet pour leur aide et leur talent<\/span><\/em><\/p>\n<p><a href=\"https:\/\/www.belleraison.fr\/wp-content\/uploads\/2020\/11\/cropped-Sans-titre-6.png\"><img decoding=\"async\" loading=\"lazy\" class=\"aligncenter size-full wp-image-102\" src=\"https:\/\/www.belleraison.fr\/wp-content\/uploads\/2020\/11\/cropped-Sans-titre-6.png\" alt=\"\" width=\"205\" height=\"215\" \/><\/a><\/p>\n","protected":false},"excerpt":{"rendered":"<p>Carcassonne Le mardi 3 novembre 2020 Le besoin de laisser une empreinte me conduit \u00e0 dire que\u00a0: Je suis Jean-Pierre ESTELLON n\u00e9 le 24 ao\u00fbt 1938 \u00e0 Oran. 2\u00e8me enfant d\u2019une fratrie de 4 enfants, je ne suis pas issu d\u2019une grande famille. Je n\u2019ai pas v\u00e9cu dans une ambiance de vieux meubles cir\u00e9s. Tr\u00e8s [&hellip;]<\/p>\n","protected":false},"author":1,"featured_media":0,"parent":0,"menu_order":0,"comment_status":"closed","ping_status":"closed","template":"","meta":[],"yoast_head":"<!-- This site is optimized with the Yoast SEO plugin v19.11 - https:\/\/yoast.com\/wordpress\/plugins\/seo\/ -->\n<title>Le besoin de laisser une empreinte - BELLERAISON<\/title>\n<meta name=\"robots\" content=\"index, follow, max-snippet:-1, max-image-preview:large, max-video-preview:-1\" \/>\n<link rel=\"canonical\" href=\"https:\/\/www.belleraison.fr\/index.php\/sample-page\/\" \/>\n<meta property=\"og:locale\" content=\"fr_FR\" \/>\n<meta property=\"og:type\" content=\"article\" \/>\n<meta property=\"og:title\" content=\"Le besoin de laisser une empreinte - BELLERAISON\" \/>\n<meta property=\"og:description\" content=\"Carcassonne Le mardi 3 novembre 2020 Le besoin de laisser une empreinte me conduit \u00e0 dire que\u00a0: Je suis Jean-Pierre ESTELLON n\u00e9 le 24 ao\u00fbt 1938 \u00e0 Oran. 2\u00e8me enfant d\u2019une fratrie de 4 enfants, je ne suis pas issu d\u2019une grande famille. Je n\u2019ai pas v\u00e9cu dans une ambiance de vieux meubles cir\u00e9s. Tr\u00e8s [&hellip;]\" \/>\n<meta property=\"og:url\" content=\"https:\/\/www.belleraison.fr\/index.php\/sample-page\/\" \/>\n<meta property=\"og:site_name\" content=\"BELLERAISON\" \/>\n<meta property=\"article:modified_time\" content=\"2020-11-04T10:47:45+00:00\" \/>\n<meta property=\"og:image\" content=\"https:\/\/www.belleraison.fr\/wp-content\/uploads\/2020\/11\/IMG_20200825_164344384-scaled-e1604398885574-300x253.jpg\" \/>\n<meta name=\"twitter:card\" content=\"summary_large_image\" \/>\n<meta name=\"twitter:label1\" content=\"Dur\u00e9e de lecture estim\u00e9e\" \/>\n\t<meta name=\"twitter:data1\" content=\"3 minutes\" \/>\n<script type=\"application\/ld+json\" class=\"yoast-schema-graph\">{\"@context\":\"https:\/\/schema.org\",\"@graph\":[{\"@type\":\"WebPage\",\"@id\":\"https:\/\/www.belleraison.fr\/index.php\/sample-page\/\",\"url\":\"https:\/\/www.belleraison.fr\/index.php\/sample-page\/\",\"name\":\"Le besoin de laisser une empreinte - BELLERAISON\",\"isPartOf\":{\"@id\":\"https:\/\/www.belleraison.fr\/#website\"},\"datePublished\":\"2020-10-15T09:47:20+00:00\",\"dateModified\":\"2020-11-04T10:47:45+00:00\",\"breadcrumb\":{\"@id\":\"https:\/\/www.belleraison.fr\/index.php\/sample-page\/#breadcrumb\"},\"inLanguage\":\"fr-FR\",\"potentialAction\":[{\"@type\":\"ReadAction\",\"target\":[\"https:\/\/www.belleraison.fr\/index.php\/sample-page\/\"]}]},{\"@type\":\"BreadcrumbList\",\"@id\":\"https:\/\/www.belleraison.fr\/index.php\/sample-page\/#breadcrumb\",\"itemListElement\":[{\"@type\":\"ListItem\",\"position\":1,\"name\":\"Home\",\"item\":\"https:\/\/www.belleraison.fr\/\"},{\"@type\":\"ListItem\",\"position\":2,\"name\":\"Le besoin de laisser une empreinte\"}]},{\"@type\":\"WebSite\",\"@id\":\"https:\/\/www.belleraison.fr\/#website\",\"url\":\"https:\/\/www.belleraison.fr\/\",\"name\":\"BELLERAISON\",\"description\":\"\",\"publisher\":{\"@id\":\"https:\/\/www.belleraison.fr\/#organization\"},\"potentialAction\":[{\"@type\":\"SearchAction\",\"target\":{\"@type\":\"EntryPoint\",\"urlTemplate\":\"https:\/\/www.belleraison.fr\/?s={search_term_string}\"},\"query-input\":\"required name=search_term_string\"}],\"inLanguage\":\"fr-FR\"},{\"@type\":\"Organization\",\"@id\":\"https:\/\/www.belleraison.fr\/#organization\",\"name\":\"BELLERAISON\",\"url\":\"https:\/\/www.belleraison.fr\/\",\"logo\":{\"@type\":\"ImageObject\",\"inLanguage\":\"fr-FR\",\"@id\":\"https:\/\/www.belleraison.fr\/#\/schema\/logo\/image\/\",\"url\":\"https:\/\/www.belleraison.fr\/wp-content\/uploads\/2020\/11\/cropped-Sans-titre-6.png\",\"contentUrl\":\"https:\/\/www.belleraison.fr\/wp-content\/uploads\/2020\/11\/cropped-Sans-titre-6.png\",\"width\":205,\"height\":215,\"caption\":\"BELLERAISON\"},\"image\":{\"@id\":\"https:\/\/www.belleraison.fr\/#\/schema\/logo\/image\/\"}}]}<\/script>\n<!-- \/ Yoast SEO plugin. -->","yoast_head_json":{"title":"Le besoin de laisser une empreinte - BELLERAISON","robots":{"index":"index","follow":"follow","max-snippet":"max-snippet:-1","max-image-preview":"max-image-preview:large","max-video-preview":"max-video-preview:-1"},"canonical":"https:\/\/www.belleraison.fr\/index.php\/sample-page\/","og_locale":"fr_FR","og_type":"article","og_title":"Le besoin de laisser une empreinte - BELLERAISON","og_description":"Carcassonne Le mardi 3 novembre 2020 Le besoin de laisser une empreinte me conduit \u00e0 dire que\u00a0: Je suis Jean-Pierre ESTELLON n\u00e9 le 24 ao\u00fbt 1938 \u00e0 Oran. 2\u00e8me enfant d\u2019une fratrie de 4 enfants, je ne suis pas issu d\u2019une grande famille. Je n\u2019ai pas v\u00e9cu dans une ambiance de vieux meubles cir\u00e9s. Tr\u00e8s [&hellip;]","og_url":"https:\/\/www.belleraison.fr\/index.php\/sample-page\/","og_site_name":"BELLERAISON","article_modified_time":"2020-11-04T10:47:45+00:00","og_image":[{"url":"https:\/\/www.belleraison.fr\/wp-content\/uploads\/2020\/11\/IMG_20200825_164344384-scaled-e1604398885574-300x253.jpg"}],"twitter_card":"summary_large_image","twitter_misc":{"Dur\u00e9e de lecture estim\u00e9e":"3 minutes"},"schema":{"@context":"https:\/\/schema.org","@graph":[{"@type":"WebPage","@id":"https:\/\/www.belleraison.fr\/index.php\/sample-page\/","url":"https:\/\/www.belleraison.fr\/index.php\/sample-page\/","name":"Le besoin de laisser une empreinte - BELLERAISON","isPartOf":{"@id":"https:\/\/www.belleraison.fr\/#website"},"datePublished":"2020-10-15T09:47:20+00:00","dateModified":"2020-11-04T10:47:45+00:00","breadcrumb":{"@id":"https:\/\/www.belleraison.fr\/index.php\/sample-page\/#breadcrumb"},"inLanguage":"fr-FR","potentialAction":[{"@type":"ReadAction","target":["https:\/\/www.belleraison.fr\/index.php\/sample-page\/"]}]},{"@type":"BreadcrumbList","@id":"https:\/\/www.belleraison.fr\/index.php\/sample-page\/#breadcrumb","itemListElement":[{"@type":"ListItem","position":1,"name":"Home","item":"https:\/\/www.belleraison.fr\/"},{"@type":"ListItem","position":2,"name":"Le besoin de laisser une empreinte"}]},{"@type":"WebSite","@id":"https:\/\/www.belleraison.fr\/#website","url":"https:\/\/www.belleraison.fr\/","name":"BELLERAISON","description":"","publisher":{"@id":"https:\/\/www.belleraison.fr\/#organization"},"potentialAction":[{"@type":"SearchAction","target":{"@type":"EntryPoint","urlTemplate":"https:\/\/www.belleraison.fr\/?s={search_term_string}"},"query-input":"required name=search_term_string"}],"inLanguage":"fr-FR"},{"@type":"Organization","@id":"https:\/\/www.belleraison.fr\/#organization","name":"BELLERAISON","url":"https:\/\/www.belleraison.fr\/","logo":{"@type":"ImageObject","inLanguage":"fr-FR","@id":"https:\/\/www.belleraison.fr\/#\/schema\/logo\/image\/","url":"https:\/\/www.belleraison.fr\/wp-content\/uploads\/2020\/11\/cropped-Sans-titre-6.png","contentUrl":"https:\/\/www.belleraison.fr\/wp-content\/uploads\/2020\/11\/cropped-Sans-titre-6.png","width":205,"height":215,"caption":"BELLERAISON"},"image":{"@id":"https:\/\/www.belleraison.fr\/#\/schema\/logo\/image\/"}}]}},"_links":{"self":[{"href":"https:\/\/www.belleraison.fr\/index.php\/wp-json\/wp\/v2\/pages\/2"}],"collection":[{"href":"https:\/\/www.belleraison.fr\/index.php\/wp-json\/wp\/v2\/pages"}],"about":[{"href":"https:\/\/www.belleraison.fr\/index.php\/wp-json\/wp\/v2\/types\/page"}],"author":[{"embeddable":true,"href":"https:\/\/www.belleraison.fr\/index.php\/wp-json\/wp\/v2\/users\/1"}],"replies":[{"embeddable":true,"href":"https:\/\/www.belleraison.fr\/index.php\/wp-json\/wp\/v2\/comments?post=2"}],"version-history":[{"count":6,"href":"https:\/\/www.belleraison.fr\/index.php\/wp-json\/wp\/v2\/pages\/2\/revisions"}],"predecessor-version":[{"id":373,"href":"https:\/\/www.belleraison.fr\/index.php\/wp-json\/wp\/v2\/pages\/2\/revisions\/373"}],"wp:attachment":[{"href":"https:\/\/www.belleraison.fr\/index.php\/wp-json\/wp\/v2\/media?parent=2"}],"curies":[{"name":"wp","href":"https:\/\/api.w.org\/{rel}","templated":true}]}}